{"id":54,"date":"2018-08-21T01:29:44","date_gmt":"2018-08-21T01:29:44","guid":{"rendered":"http:\/\/dicassaudaveis.club\/?page_id=54"},"modified":"2018-08-21T01:29:44","modified_gmt":"2018-08-21T01:29:44","slug":"politica-de-privacicade","status":"publish","type":"page","link":"https:\/\/dicassaudaveis.club\/?page_id=54","title":{"rendered":"Pol\u00edtica de Privacidade"},"content":{"rendered":"<p>Qualquer dado ou informa\u00e7\u00e3o recolhida pelo \u201cDicas Saud\u00e1veis\u201d, como endere\u00e7o de e-mail, n\u00e3o ser\u00e1 cedida, vendida ou repassada a terceiros, a n\u00e3o ser por exig\u00eancia de lei.<\/p>\n<p>O site \u201cDicas Saud\u00e1veis\u201d recebe e mant\u00e9m informa\u00e7\u00f5es de seu navegador em nossos servidores, inclusive o seu IP, o endere\u00e7o de refer\u00eancia ou de p\u00e1ginas procuradas por voc\u00ea. Al\u00e9m destas informa\u00e7\u00f5es, a \u00fanica outra informa\u00e7\u00e3o pessoal que \u00e9 coletada pelo \u201cDicas Saud\u00e1veis\u201d \u00e9 atrav\u00e9s de nossos formul\u00e1rios online. O site ser\u00e1 o \u00fanico que ter\u00e1 acesso a essa informa\u00e7\u00e3o. Esta por sua vez ser\u00e1 utilizada apenas para uso de acompanhamento de estat\u00edsticas de visitas no site Dicas Saud\u00e1veis.<\/p>\n<p>O site \u201cDicas Saud\u00e1veis\u201d utiliza cookies e outras tecnologias para fornecer uma melhor experi\u00eancia online e para acompanhar a utilidade dos servi\u00e7os do site \u201cDicas Saud\u00e1veis\u201d com o intuito de melhorar a qualidades dos servi\u00e7os oferecidos pelo \u201cDicas Saud\u00e1veis\u201d.<\/p>\n<p>N\u00f3s do \u201cDicas Saud\u00e1veis\u201d utilizamos empresas de publicidade de terceiros para realizar o ve\u00edculo de an\u00fancios durante a sua experi\u00eancia no site \u201cDicas Saud\u00e1veis\u201d. Essas empresas por sua vez podem utilizar as informa\u00e7\u00f5es (exceto: endere\u00e7o, email, nome ou n\u00famero de telefone) relacionadas a suas visitas ao \u201cDicas Saud\u00e1veis\u201d ou a outros sites com a finalidade de exibir an\u00fancios relacionados com servi\u00e7os e produtos do seu agrado. Para que voc\u00ea saiba como as empresas fazem a utiliza\u00e7\u00e3o destas informa\u00e7\u00f5es e para saber como voc\u00ea pode impedir que isso aconte\u00e7a, <a href=\"https:\/\/policies.google.com\/technologies\/ads?hl=pt-BR\" target=\"_blank\" rel=\"noopener\">clique aqui<\/a>.<\/p>\n<p>&nbsp;<\/p>\n<p>An\u00fancios Google:<\/p>\n<p>O Google, como fornecedor de terceiros, utiliza cookies para exibir an\u00fancios no seu site.<\/p>\n<p>Com o cookie DART, o Google pode exibir an\u00fancios para seus usu\u00e1rios com base nas visitas feitas aos seus e a outros sites na Internet.<\/p>\n<p>Os usu\u00e1rios podem desativar o cookie DART visitando a Pol\u00edtica de privacidade da rede de conte\u00fado e dos an\u00fancios do Google.<\/p>\n<p>Esta pol\u00edtica pode ser atualizada sem aviso pr\u00e9vio, portanto revise-a periodicamente para assegurar-se de estar informado sobre estas mudan\u00e7as.<\/p>\n","protected":false},"excerpt":{"rendered":"<p>Qualquer dado ou informa\u00e7\u00e3o recolhida pelo \u201cDicas Saud\u00e1veis\u201d, como endere\u00e7o de e-mail, n\u00e3o ser\u00e1 cedida, vendida ou repassada a terceiros, a n\u00e3o ser por exig\u00eancia de lei. O site \u201cDicas Saud\u00e1veis\u201d recebe e mant\u00e9m informa\u00e7\u00f5es de seu navegador em nossos servidores, inclusive o seu IP, o endere\u00e7o de refer\u00eancia ou de p\u00e1ginas procuradas por voc\u00ea. &#8230; <a title=\"Pol\u00edtica de Privacidade\" class=\"read-more\" href=\"https:\/\/dicassaudaveis.club\/?page_id=54\" aria-label=\"Read more about Pol\u00edtica de Privacidade\">Ler mais<\/a><\/p>\n","protected":false},"author":1,"featured_media":0,"parent":0,"menu_order":0,"comment_status":"closed","ping_status":"closed","template":"","meta":{"footnotes":""},"class_list":["post-54","page","type-page","status-publish"],"_links":{"self":[{"href":"https:\/\/dicassaudaveis.club\/index.php?rest_route=\/wp\/v2\/pages\/54","targetHints":{"allow":["GET"]}}],"collection":[{"href":"https:\/\/dicassaudaveis.club\/index.php?rest_route=\/wp\/v2\/pages"}],"about":[{"href":"https:\/\/dicassaudaveis.club\/index.php?rest_route=\/wp\/v2\/types\/page"}],"author":[{"embeddable":true,"href":"https:\/\/dicassaudaveis.club\/index.php?rest_route=\/wp\/v2\/users\/1"}],"replies":[{"embeddable":true,"href":"https:\/\/dicassaudaveis.club\/index.php?rest_route=%2Fwp%2Fv2%2Fcomments&post=54"}],"version-history":[{"count":0,"href":"https:\/\/dicassaudaveis.club\/index.php?rest_route=\/wp\/v2\/pages\/54\/revisions"}],"wp:attachment":[{"href":"https:\/\/dicassaudaveis.club\/index.php?rest_route=%2Fwp%2Fv2%2Fmedia&parent=54"}],"curies":[{"name":"wp","href":"https:\/\/api.w.org\/{rel}","templated":true}]}}